{"id":706,"date":"2013-01-16T21:34:36","date_gmt":"2013-01-16T20:34:36","guid":{"rendered":"http:\/\/annemynard.eu\/our-clients\/"},"modified":"2022-05-16T14:40:04","modified_gmt":"2022-05-16T13:40:04","slug":"our-clients","status":"publish","type":"page","link":"https:\/\/annemynard.eu\/en\/our-clients\/","title":{"rendered":"Links"},"content":{"rendered":"<h1><\/h1>\n<div id=\"single-head\" class=\"sixteen columns\">\n<p>Membre de la Commission Internationale du Barreau de Lyon (<a href=\"http:\/\/www.barreaulyon.com\/\" target=\"_blank\" rel=\"noopener\">CIBLY<\/a>) : groupe d\u2019Avocats lyonnais b\u00e9n\u00e9ficiant d\u2019une expertise internationale en droit des affaires et \u00e0 un secteur d\u2019activit\u00e9 sp\u00e9cifique ou Avocats multiculturels, praticiens du droit nourris par leurs affinit\u00e9s culturelles, g\u00e9ographiques et modes d\u2019exercice professionnel.<\/p>\n<p>CAFAURA <a href=\"http:\/\/www.wkra.net\/\" target=\"_blank\" rel=\"noopener\">(link)<\/a><\/p>\n<p><span class=\"client-name\">DFJV\u00a0<\/span><span class=\"client-name\"><a href=\"http:\/\/www.dfj.org\/\" target=\"_blank\" rel=\"noopener\">(link)<\/a><\/span><\/p>\n<p><span class=\"client-name\">AJFA\u00a0<\/span><span class=\"client-name\"><a href=\"http:\/\/www.ajfa.fr\" target=\"_blank\" rel=\"noopener\">(link)<\/a><\/span><\/p>\n<p>AAGIL\u00a0<a href=\"https:\/\/www.goethe.de\/ins\/fr\/fr\/sta\/lyo\/ueb\/foe\/20542661.html\" target=\"_blank\" rel=\"noopener\">(link)<\/a><\/p>\n<p>ALFA<\/p>\n<\/div>\n","protected":false},"excerpt":{"rendered":"<p>Ici il y a des liens vers les partenaires, informations et sites internet.<\/p>\n","protected":false},"author":1,"featured_media":0,"parent":0,"menu_order":0,"comment_status":"open","ping_status":"closed","template":"template-client-page.php","meta":{"footnotes":""},"class_list":["post-706","page","type-page","status-publish","hentry"],"yoast_head":"<!-- This site is optimized with the Yoast SEO plugin v20.0 - https:\/\/yoast.com\/wordpress\/plugins\/seo\/ -->\n<title>Links - Anne Mynard<\/title>\n<meta name=\"robots\" content=\"index, follow, max-snippet:-1, max-image-preview:large, max-video-preview:-1\" \/>\n<link rel=\"canonical\" href=\"https:\/\/annemynard.eu\/en\/our-clients\/\" \/>\n<meta property=\"og:locale\" content=\"en_US\" \/>\n<meta property=\"og:type\" content=\"article\" \/>\n<meta property=\"og:title\" content=\"Links - Anne Mynard\" \/>\n<meta property=\"og:description\" content=\"Ici il y a des liens vers les partenaires, informations et sites internet.\" \/>\n<meta property=\"og:url\" content=\"https:\/\/annemynard.eu\/en\/our-clients\/\" \/>\n<meta property=\"og:site_name\" content=\"Anne Mynard\" \/>\n<meta property=\"article:modified_time\" content=\"2022-05-16T13:40:04+00:00\" \/>\n<meta name=\"twitter:card\" content=\"summary_large_image\" \/>\n<meta name=\"twitter:label1\" content=\"Est. reading time\" \/>\n\t<meta name=\"twitter:data1\" content=\"1 minute\" \/>\n<script type=\"application\/ld+json\" class=\"yoast-schema-graph\">{\"@context\":\"https:\/\/schema.org\",\"@graph\":[{\"@type\":\"WebPage\",\"@id\":\"https:\/\/annemynard.eu\/en\/our-clients\/\",\"url\":\"https:\/\/annemynard.eu\/en\/our-clients\/\",\"name\":\"Links - Anne Mynard\",\"isPartOf\":{\"@id\":\"https:\/\/annemynard.eu\/en\/#website\"},\"datePublished\":\"2013-01-16T20:34:36+00:00\",\"dateModified\":\"2022-05-16T13:40:04+00:00\",\"inLanguage\":\"en-US\",\"potentialAction\":[{\"@type\":\"ReadAction\",\"target\":[\"https:\/\/annemynard.eu\/en\/our-clients\/\"]}]},{\"@type\":\"WebSite\",\"@id\":\"https:\/\/annemynard.eu\/en\/#website\",\"url\":\"https:\/\/annemynard.eu\/en\/\",\"name\":\"Anne Mynard\",\"description\":\"Anne Mynard, Law Firm\",\"potentialAction\":[{\"@type\":\"SearchAction\",\"target\":{\"@type\":\"EntryPoint\",\"urlTemplate\":\"https:\/\/annemynard.eu\/en\/?s={search_term_string}\"},\"query-input\":\"required name=search_term_string\"}],\"inLanguage\":\"en-US\"}]}<\/script>\n<!-- \/ Yoast SEO plugin. -->","yoast_head_json":{"title":"Links - Anne Mynard","robots":{"index":"index","follow":"follow","max-snippet":"max-snippet:-1","max-image-preview":"max-image-preview:large","max-video-preview":"max-video-preview:-1"},"canonical":"https:\/\/annemynard.eu\/en\/our-clients\/","og_locale":"en_US","og_type":"article","og_title":"Links - Anne Mynard","og_description":"Ici il y a des liens vers les partenaires, informations et sites internet.","og_url":"https:\/\/annemynard.eu\/en\/our-clients\/","og_site_name":"Anne Mynard","article_modified_time":"2022-05-16T13:40:04+00:00","twitter_card":"summary_large_image","twitter_misc":{"Est. reading time":"1 minute"},"schema":{"@context":"https:\/\/schema.org","@graph":[{"@type":"WebPage","@id":"https:\/\/annemynard.eu\/en\/our-clients\/","url":"https:\/\/annemynard.eu\/en\/our-clients\/","name":"Links - Anne Mynard","isPartOf":{"@id":"https:\/\/annemynard.eu\/en\/#website"},"datePublished":"2013-01-16T20:34:36+00:00","dateModified":"2022-05-16T13:40:04+00:00","inLanguage":"en-US","potentialAction":[{"@type":"ReadAction","target":["https:\/\/annemynard.eu\/en\/our-clients\/"]}]},{"@type":"WebSite","@id":"https:\/\/annemynard.eu\/en\/#website","url":"https:\/\/annemynard.eu\/en\/","name":"Anne Mynard","description":"Anne Mynard, Law Firm","potentialAction":[{"@type":"SearchAction","target":{"@type":"EntryPoint","urlTemplate":"https:\/\/annemynard.eu\/en\/?s={search_term_string}"},"query-input":"required name=search_term_string"}],"inLanguage":"en-US"}]}},"_links":{"self":[{"href":"https:\/\/annemynard.eu\/en\/wp-json\/wp\/v2\/pages\/706","targetHints":{"allow":["GET"]}}],"collection":[{"href":"https:\/\/annemynard.eu\/en\/wp-json\/wp\/v2\/pages"}],"about":[{"href":"https:\/\/annemynard.eu\/en\/wp-json\/wp\/v2\/types\/page"}],"author":[{"embeddable":true,"href":"https:\/\/annemynard.eu\/en\/wp-json\/wp\/v2\/users\/1"}],"replies":[{"embeddable":true,"href":"https:\/\/annemynard.eu\/en\/wp-json\/wp\/v2\/comments?post=706"}],"version-history":[{"count":2,"href":"https:\/\/annemynard.eu\/en\/wp-json\/wp\/v2\/pages\/706\/revisions"}],"predecessor-version":[{"id":856,"href":"https:\/\/annemynard.eu\/en\/wp-json\/wp\/v2\/pages\/706\/revisions\/856"}],"wp:attachment":[{"href":"https:\/\/annemynard.eu\/en\/wp-json\/wp\/v2\/media?parent=706"}],"curies":[{"name":"wp","href":"https:\/\/api.w.org\/{rel}","templated":true}]}}