{"id":699,"date":"2015-01-14T13:55:20","date_gmt":"2015-01-14T13:55:20","guid":{"rendered":"http:\/\/annemynard.eu\/page-d-exemple\/"},"modified":"2017-10-10T11:11:46","modified_gmt":"2017-10-10T10:11:46","slug":"page-d-exemple","status":"publish","type":"page","link":"https:\/\/annemynard.eu\/de\/page-d-exemple\/","title":{"rendered":"Verg\u00fctung"},"content":{"rendered":"<h2>Gesetzliche Bestimmungen<\/h2>\n<p><a href=\"http:\/\/annemynard.eu\/wp-content\/uploads\/2017\/03\/pexels-photo-214335.png\" rel=\"fancybox[699]\"><img loading=\"lazy\" decoding=\"async\" src=\"http:\/\/annemynard.eu\/wp-content\/uploads\/2017\/03\/pexels-photo-214335-300x200.png\" width=\"329\" height=\"219\" \/><\/a><\/p>\n<p>Gesetzliche Bestimmungen (einschlie\u00dflich des <em>Gesetzes vom 31. Dezember 1971<\/em>, ge\u00e4ndert durch das <em>Gesetz Nr 91-647 vom 10. Juli 1991<\/em> und durch das <em>Gesetz Nr 2015-990 6. August 2015<\/em>, genannt \u201e<em>Macron<\/em>\u201c) und die Berufsregeln f\u00fcr Rechtsanw\u00e4lte sowie das anwaltliche Standesrecht sehen zur Bestimmung der Verg\u00fctung verschiedenen Parameter vor, insbesondere:<\/p>\n<ul>\n<li>die Anzahl der auf die Bearbeitung eines Falls aufgewandten Stunden ausgegeben,<\/li>\n<li>den wirtschaftlichen Wert des Falls,<\/li>\n<li>die Bedeutung des Falles,<\/li>\n<li>die rechtlichen und tats\u00e4chlichen Schwierigkeiten des Falls,<\/li>\n<li>die Struktur, Ausbildung und Bekanntheit der Kanzlei.<\/li>\n<\/ul>\n<p>\t\t\t\t\t\tArten der Abrechnung\t\t\t\t\t<\/p>\n<p>Mehrere Abrechnungsmethoden stehen f\u00fcr anwaltliche Dienstleistungen zur Verf\u00fcgung. Sie werden an die Bed\u00fcrfnisse, Erwartungen und die Art der erforderlichen Rechtskenntnisse angepasst.\u00a0Unabh\u00e4ngig vom gew\u00e4hlten System erhalten Sie immer ein schriftliches Dokument, in dem die Verg\u00fctung best\u00e4tigt an und aufgezeigt wird, auf welcher Grundlage die Verg\u00fctung errechnet wurde.\u00a0Rechtsanw\u00e4ltin Anne MYNARD verpflichtet sich zu dieser Transparenz.\u00a0Der Mandant hat jederzeit im Laufe eines Falles Anspruch auf eine detaillierte Erl\u00e4uterung der Vorg\u00e4nge und der darauf verwendeten Zeit.<\/p>\n<p>\t\t\t\t\t\tZus\u00e4tzliches Erfolgshonorar\t\t\t\t\t<\/p>\n<p>Die Parteien k\u00f6nnen eine Kombination aus Pauschal- oder Zeithonorar mit einem Erfolgshonorar vereinbaren. Letzteres darf nicht mehr als 10% netto auf die aufgrund Vergleich oder Gerichtsurteil eingetriebenen Betr\u00e4ge oder ersparten Betr\u00e4ge betragen.<\/p>\n<p>\t\t\t\t\t\tHonorar gem\u00e4\u00df der aufgewendeten Zeit\t\t\t\t\t<\/p>\n<p>In F\u00e4llen, in denen der Anwalt einmalig t\u00e4tig wird oder die Sch\u00e4tzung der erforderlichen Zeit m\u00f6glich ist, berechnet sich die Verg\u00fctung auf der Grundlage der aufgewendeten Zeit und nach dem vereinbarten Stundensatz. Die Kosten f\u00fcr eine Erstberatung richten sich somit nach ihrer Dauer. Soweit der Kanzlei daraufhin das Mandat \u00fcbertragen wird, kann der Anwalt auf die Abrechnung der Erstberatung verzichten.<\/p>\n<p>\t\t\t\t\t\tRechtsschutz\t\t\t\t\t<\/p>\n<p>F\u00fcr Personen, die eine Rechtsschutzversicherung oder finanzielle Schwierigkeiten haben, k\u00f6nnen besondere Vereinbarungen mit Rechtsanw\u00e4ltin Anne MYNARD getroffen werden.<\/p>\n<p>\t\t\t\t\t\tBeratungs-\/Betreuungsvertrag\t\t\t\t\t<\/p>\n<p>Mit Unternehmen oder Organisationen, die st\u00e4ndigen Bedarf an rechtlicher Begleitung haben, kann ein Beratungs-\/Betreuungsvertrag aufgesetzt werden. Dies erlaubt die kontinuierliche Entwicklung von Werkzeugen und entsprechenden Ma\u00dfnahmen. Je nach Arbeitsanfall erfolgt die Abrechnung in regelm\u00e4\u00dfigen, vereinbarten Abst\u00e4nden (Jahr, Semester, Quartal, Monat, Woche).<\/p>\n<p>\t\t\t\t\t\tKosten, Ausgaben\t\t\t\t\t<\/p>\n<p>In dem Honorar sind nicht enthalten: ggf. durch den Anwalt verauslagte Geb\u00fchren, Verwaltungsgeb\u00fchren (Aktenf\u00fchrung, Fotokopien, Portokosten&#8230;) Reisekosten (Hotel, Zug, Flugzeug, Restaurant, Autovermietung, Maut, Parkgeb\u00fchren&#8230;) und Geb\u00fchren f\u00fcr Terminvertreter (Anw\u00e4lte anderer Rechtsanwaltskammern), Geb\u00fchren f\u00fcr Gerichtsvollzieher (z. B. Zustellungen (Menge X 45-90 \u20ac), Gerichtskosten, Auslagen, Steuermarken (Verhandlungstermin \u20ac 13, Berufung 225 \u20ac).<\/p>\n<p>\t\t\t\t\t\tPauschalhonorar\t\t\t\t\t<\/p>\n<p>F\u00fcr Rechtsstreitigkeiten (Verfahren) kann ein Pauschalhonorar vereinbart werden. Wenn jedoch die gesch\u00e4tzten Gesamtkosten von Unw\u00e4gbarkeiten abh\u00e4ngen (z. B Suche nach einer einvernehmlichen L\u00f6sung, unwillige Partei, Beteiligung mehrerer Parteien&#8230;), wird eine Beurteilung durchgef\u00fchrt, und ein Stundensatz vereinbart.<\/p>\n<p>\t\t\t\t\t\tMitglied einer anerkannten Vereinigung\t\t\t\t\t<\/p>\n<p>Die Rechtsanwaltskanzlei Anne MYNARD ist Mitglied einer von den Steuerbeh\u00f6rden zugelassenen Vereins: die Zahlung der Honorare per Scheck, ausgestellt auf ihren Namen, ist zul\u00e4ssig.<\/p>\n","protected":false},"excerpt":{"rendered":"<p>Gesetzliche Bestimmungen Gesetzliche Bestimmungen (einschlie\u00dflich des Gesetzes vom 31. Dezember 1971, ge\u00e4ndert durch das Gesetz Nr 91-647 vom 10. Juli 1991 und durch das Gesetz Nr 2015-990 6. August 2015, genannt \u201eMacron\u201c) und die Berufsregeln f\u00fcr Rechtsanw\u00e4lte sowie das anwaltliche Standesrecht sehen zur Bestimmung der Verg\u00fctung verschiedenen Parameter vor, insbesondere:[&#8230;]<\/p>\n","protected":false},"author":1,"featured_media":0,"parent":0,"menu_order":0,"comment_status":"closed","ping_status":"closed","template":"template-builder.php","meta":{"footnotes":""},"class_list":["post-699","page","type-page","status-publish","hentry"],"yoast_head":"<!-- This site is optimized with the Yoast SEO plugin v20.0 - https:\/\/yoast.com\/wordpress\/plugins\/seo\/ -->\n<title>Verg\u00fctung - Anne Mynard<\/title>\n<meta name=\"robots\" content=\"index, follow, max-snippet:-1, max-image-preview:large, max-video-preview:-1\" \/>\n<link rel=\"canonical\" href=\"https:\/\/annemynard.eu\/de\/page-d-exemple\/\" \/>\n<meta property=\"og:locale\" content=\"de_DE\" \/>\n<meta property=\"og:type\" content=\"article\" \/>\n<meta property=\"og:title\" content=\"Verg\u00fctung - Anne Mynard\" \/>\n<meta property=\"og:description\" content=\"Gesetzliche Bestimmungen Gesetzliche Bestimmungen (einschlie\u00dflich des Gesetzes vom 31. Dezember 1971, ge\u00e4ndert durch das Gesetz Nr 91-647 vom 10. Juli 1991 und durch das Gesetz Nr 2015-990 6. August 2015, genannt \u201eMacron\u201c) und die Berufsregeln f\u00fcr Rechtsanw\u00e4lte sowie das anwaltliche Standesrecht sehen zur Bestimmung der Verg\u00fctung verschiedenen Parameter vor, insbesondere:[...]\" \/>\n<meta property=\"og:url\" content=\"https:\/\/annemynard.eu\/de\/page-d-exemple\/\" \/>\n<meta property=\"og:site_name\" content=\"Anne Mynard\" \/>\n<meta property=\"article:modified_time\" content=\"2017-10-10T10:11:46+00:00\" \/>\n<meta property=\"og:image\" content=\"http:\/\/annemynard.eu\/wp-content\/uploads\/2017\/03\/pexels-photo-214335-300x200.png\" \/>\n<meta name=\"twitter:card\" content=\"summary_large_image\" \/>\n<meta name=\"twitter:label1\" content=\"Gesch\u00e4tzte Lesezeit\" \/>\n\t<meta name=\"twitter:data1\" content=\"2\u00a0Minuten\" \/>\n<script type=\"application\/ld+json\" class=\"yoast-schema-graph\">{\"@context\":\"https:\/\/schema.org\",\"@graph\":[{\"@type\":\"WebPage\",\"@id\":\"https:\/\/annemynard.eu\/de\/page-d-exemple\/\",\"url\":\"https:\/\/annemynard.eu\/de\/page-d-exemple\/\",\"name\":\"Verg\u00fctung - Anne Mynard\",\"isPartOf\":{\"@id\":\"https:\/\/annemynard.eu\/de\/#website\"},\"datePublished\":\"2015-01-14T13:55:20+00:00\",\"dateModified\":\"2017-10-10T10:11:46+00:00\",\"inLanguage\":\"de\",\"potentialAction\":[{\"@type\":\"ReadAction\",\"target\":[\"https:\/\/annemynard.eu\/de\/page-d-exemple\/\"]}]},{\"@type\":\"WebSite\",\"@id\":\"https:\/\/annemynard.eu\/de\/#website\",\"url\":\"https:\/\/annemynard.eu\/de\/\",\"name\":\"Anne Mynard\",\"description\":\"Anne Mynard, Kanzlei\",\"potentialAction\":[{\"@type\":\"SearchAction\",\"target\":{\"@type\":\"EntryPoint\",\"urlTemplate\":\"https:\/\/annemynard.eu\/de\/?s={search_term_string}\"},\"query-input\":\"required name=search_term_string\"}],\"inLanguage\":\"de\"}]}<\/script>\n<!-- \/ Yoast SEO plugin. -->","yoast_head_json":{"title":"Verg\u00fctung - Anne Mynard","robots":{"index":"index","follow":"follow","max-snippet":"max-snippet:-1","max-image-preview":"max-image-preview:large","max-video-preview":"max-video-preview:-1"},"canonical":"https:\/\/annemynard.eu\/de\/page-d-exemple\/","og_locale":"de_DE","og_type":"article","og_title":"Verg\u00fctung - Anne Mynard","og_description":"Gesetzliche Bestimmungen Gesetzliche Bestimmungen (einschlie\u00dflich des Gesetzes vom 31. Dezember 1971, ge\u00e4ndert durch das Gesetz Nr 91-647 vom 10. Juli 1991 und durch das Gesetz Nr 2015-990 6. August 2015, genannt \u201eMacron\u201c) und die Berufsregeln f\u00fcr Rechtsanw\u00e4lte sowie das anwaltliche Standesrecht sehen zur Bestimmung der Verg\u00fctung verschiedenen Parameter vor, insbesondere:[...]","og_url":"https:\/\/annemynard.eu\/de\/page-d-exemple\/","og_site_name":"Anne Mynard","article_modified_time":"2017-10-10T10:11:46+00:00","og_image":[{"url":"http:\/\/annemynard.eu\/wp-content\/uploads\/2017\/03\/pexels-photo-214335-300x200.png"}],"twitter_card":"summary_large_image","twitter_misc":{"Gesch\u00e4tzte Lesezeit":"2\u00a0Minuten"},"schema":{"@context":"https:\/\/schema.org","@graph":[{"@type":"WebPage","@id":"https:\/\/annemynard.eu\/de\/page-d-exemple\/","url":"https:\/\/annemynard.eu\/de\/page-d-exemple\/","name":"Verg\u00fctung - Anne Mynard","isPartOf":{"@id":"https:\/\/annemynard.eu\/de\/#website"},"datePublished":"2015-01-14T13:55:20+00:00","dateModified":"2017-10-10T10:11:46+00:00","inLanguage":"de","potentialAction":[{"@type":"ReadAction","target":["https:\/\/annemynard.eu\/de\/page-d-exemple\/"]}]},{"@type":"WebSite","@id":"https:\/\/annemynard.eu\/de\/#website","url":"https:\/\/annemynard.eu\/de\/","name":"Anne Mynard","description":"Anne Mynard, Kanzlei","potentialAction":[{"@type":"SearchAction","target":{"@type":"EntryPoint","urlTemplate":"https:\/\/annemynard.eu\/de\/?s={search_term_string}"},"query-input":"required name=search_term_string"}],"inLanguage":"de"}]}},"_links":{"self":[{"href":"https:\/\/annemynard.eu\/de\/wp-json\/wp\/v2\/pages\/699","targetHints":{"allow":["GET"]}}],"collection":[{"href":"https:\/\/annemynard.eu\/de\/wp-json\/wp\/v2\/pages"}],"about":[{"href":"https:\/\/annemynard.eu\/de\/wp-json\/wp\/v2\/types\/page"}],"author":[{"embeddable":true,"href":"https:\/\/annemynard.eu\/de\/wp-json\/wp\/v2\/users\/1"}],"replies":[{"embeddable":true,"href":"https:\/\/annemynard.eu\/de\/wp-json\/wp\/v2\/comments?post=699"}],"version-history":[{"count":3,"href":"https:\/\/annemynard.eu\/de\/wp-json\/wp\/v2\/pages\/699\/revisions"}],"predecessor-version":[{"id":705,"href":"https:\/\/annemynard.eu\/de\/wp-json\/wp\/v2\/pages\/699\/revisions\/705"}],"wp:attachment":[{"href":"https:\/\/annemynard.eu\/de\/wp-json\/wp\/v2\/media?parent=699"}],"curies":[{"name":"wp","href":"https:\/\/api.w.org\/{rel}","templated":true}]}}