{"id":692,"date":"2015-01-25T13:04:47","date_gmt":"2015-01-25T13:04:47","guid":{"rendered":"http:\/\/annemynard.eu\/formations\/"},"modified":"2017-10-10T10:10:16","modified_gmt":"2017-10-10T09:10:16","slug":"formations","status":"publish","type":"page","link":"https:\/\/annemynard.eu\/de\/formations\/","title":{"rendered":"T\u00e4tigkeitsbereiche"},"content":{"rendered":"<p><a href=\"http:\/\/annemynard.eu\/wp-content\/uploads\/2017\/03\/pexels-photo-108038.jpeg\" rel=\"fancybox[692]\"><img loading=\"lazy\" decoding=\"async\" class=\"wp-image-505 alignnone\" src=\"http:\/\/annemynard.eu\/wp-content\/uploads\/2017\/03\/pexels-photo-108038-700x320.jpeg\" width=\"621\" height=\"284\" \/><\/a><\/p>\n<p>Rechtsanw\u00e4ltin Anne MYNARD verf\u00fcgt \u00fcber eine fundierte theoretische und praktische Ausbildung und wird fach\u00fcbergreifend t\u00e4tig, was eine gr\u00f6\u00dfere Expertise in einzelnen Themen erlaubt:<\/p>\n<p>in beratender T\u00e4tigkeit bei der <strong>Beratung<\/strong>, Sicherung, Verhandlung Ausarbeitung von L\u00f6sungen, bei Rechtsstreitigkeiten <strong>sowohl vor Gerichten als auch Instituten oder anderen Einrichtungen<\/strong>, und immer im Interesse des Unternehmens oder der Privatperson.<\/p>\n<h3><strong>Die wichtigsten T\u00e4tigkeitsbereiche von Rechtsanw\u00e4ltin Anne MYNARD sind<\/strong>:<\/h3>\n<p>&nbsp;<\/p>\n","protected":false},"excerpt":{"rendered":"<p>Rechtsanw\u00e4ltin Anne MYNARD verf\u00fcgt \u00fcber eine fundierte theoretische und praktische Ausbildung und wird fach\u00fcbergreifend t\u00e4tig, was eine gr\u00f6\u00dfere Expertise in einzelnen Themen erlaubt: in beratender T\u00e4tigkeit bei der Beratung, Sicherung, Verhandlung Ausarbeitung von L\u00f6sungen, bei Rechtsstreitigkeiten sowohl vor Gerichten als auch Instituten oder anderen Einrichtungen, und immer im Interesse des[&#8230;]<\/p>\n","protected":false},"author":1,"featured_media":0,"parent":0,"menu_order":0,"comment_status":"open","ping_status":"closed","template":"template-services-listing.php","meta":{"footnotes":""},"class_list":["post-692","page","type-page","status-publish","hentry"],"yoast_head":"<!-- This site is optimized with the Yoast SEO plugin v20.0 - https:\/\/yoast.com\/wordpress\/plugins\/seo\/ -->\n<title>T\u00e4tigkeitsbereiche - Anne Mynard<\/title>\n<meta name=\"robots\" content=\"index, follow, max-snippet:-1, max-image-preview:large, max-video-preview:-1\" \/>\n<link rel=\"canonical\" href=\"https:\/\/annemynard.eu\/de\/formations\/\" \/>\n<meta property=\"og:locale\" content=\"de_DE\" \/>\n<meta property=\"og:type\" content=\"article\" \/>\n<meta property=\"og:title\" content=\"T\u00e4tigkeitsbereiche - Anne Mynard\" \/>\n<meta property=\"og:description\" content=\"Rechtsanw\u00e4ltin Anne MYNARD verf\u00fcgt \u00fcber eine fundierte theoretische und praktische Ausbildung und wird fach\u00fcbergreifend t\u00e4tig, was eine gr\u00f6\u00dfere Expertise in einzelnen Themen erlaubt: in beratender T\u00e4tigkeit bei der Beratung, Sicherung, Verhandlung Ausarbeitung von L\u00f6sungen, bei Rechtsstreitigkeiten sowohl vor Gerichten als auch Instituten oder anderen Einrichtungen, und immer im Interesse des[...]\" \/>\n<meta property=\"og:url\" content=\"https:\/\/annemynard.eu\/de\/formations\/\" \/>\n<meta property=\"og:site_name\" content=\"Anne Mynard\" \/>\n<meta property=\"article:modified_time\" content=\"2017-10-10T09:10:16+00:00\" \/>\n<meta property=\"og:image\" content=\"http:\/\/annemynard.eu\/wp-content\/uploads\/2017\/03\/pexels-photo-108038-700x320.jpeg\" \/>\n<meta name=\"twitter:card\" content=\"summary_large_image\" \/>\n<script type=\"application\/ld+json\" class=\"yoast-schema-graph\">{\"@context\":\"https:\/\/schema.org\",\"@graph\":[{\"@type\":\"WebPage\",\"@id\":\"https:\/\/annemynard.eu\/de\/formations\/\",\"url\":\"https:\/\/annemynard.eu\/de\/formations\/\",\"name\":\"T\u00e4tigkeitsbereiche - Anne Mynard\",\"isPartOf\":{\"@id\":\"https:\/\/annemynard.eu\/de\/#website\"},\"datePublished\":\"2015-01-25T13:04:47+00:00\",\"dateModified\":\"2017-10-10T09:10:16+00:00\",\"inLanguage\":\"de\",\"potentialAction\":[{\"@type\":\"ReadAction\",\"target\":[\"https:\/\/annemynard.eu\/de\/formations\/\"]}]},{\"@type\":\"WebSite\",\"@id\":\"https:\/\/annemynard.eu\/de\/#website\",\"url\":\"https:\/\/annemynard.eu\/de\/\",\"name\":\"Anne Mynard\",\"description\":\"Anne Mynard, Kanzlei\",\"potentialAction\":[{\"@type\":\"SearchAction\",\"target\":{\"@type\":\"EntryPoint\",\"urlTemplate\":\"https:\/\/annemynard.eu\/de\/?s={search_term_string}\"},\"query-input\":\"required name=search_term_string\"}],\"inLanguage\":\"de\"}]}<\/script>\n<!-- \/ Yoast SEO plugin. -->","yoast_head_json":{"title":"T\u00e4tigkeitsbereiche - Anne Mynard","robots":{"index":"index","follow":"follow","max-snippet":"max-snippet:-1","max-image-preview":"max-image-preview:large","max-video-preview":"max-video-preview:-1"},"canonical":"https:\/\/annemynard.eu\/de\/formations\/","og_locale":"de_DE","og_type":"article","og_title":"T\u00e4tigkeitsbereiche - Anne Mynard","og_description":"Rechtsanw\u00e4ltin Anne MYNARD verf\u00fcgt \u00fcber eine fundierte theoretische und praktische Ausbildung und wird fach\u00fcbergreifend t\u00e4tig, was eine gr\u00f6\u00dfere Expertise in einzelnen Themen erlaubt: in beratender T\u00e4tigkeit bei der Beratung, Sicherung, Verhandlung Ausarbeitung von L\u00f6sungen, bei Rechtsstreitigkeiten sowohl vor Gerichten als auch Instituten oder anderen Einrichtungen, und immer im Interesse des[...]","og_url":"https:\/\/annemynard.eu\/de\/formations\/","og_site_name":"Anne Mynard","article_modified_time":"2017-10-10T09:10:16+00:00","og_image":[{"url":"http:\/\/annemynard.eu\/wp-content\/uploads\/2017\/03\/pexels-photo-108038-700x320.jpeg"}],"twitter_card":"summary_large_image","schema":{"@context":"https:\/\/schema.org","@graph":[{"@type":"WebPage","@id":"https:\/\/annemynard.eu\/de\/formations\/","url":"https:\/\/annemynard.eu\/de\/formations\/","name":"T\u00e4tigkeitsbereiche - Anne Mynard","isPartOf":{"@id":"https:\/\/annemynard.eu\/de\/#website"},"datePublished":"2015-01-25T13:04:47+00:00","dateModified":"2017-10-10T09:10:16+00:00","inLanguage":"de","potentialAction":[{"@type":"ReadAction","target":["https:\/\/annemynard.eu\/de\/formations\/"]}]},{"@type":"WebSite","@id":"https:\/\/annemynard.eu\/de\/#website","url":"https:\/\/annemynard.eu\/de\/","name":"Anne Mynard","description":"Anne Mynard, Kanzlei","potentialAction":[{"@type":"SearchAction","target":{"@type":"EntryPoint","urlTemplate":"https:\/\/annemynard.eu\/de\/?s={search_term_string}"},"query-input":"required name=search_term_string"}],"inLanguage":"de"}]}},"_links":{"self":[{"href":"https:\/\/annemynard.eu\/de\/wp-json\/wp\/v2\/pages\/692","targetHints":{"allow":["GET"]}}],"collection":[{"href":"https:\/\/annemynard.eu\/de\/wp-json\/wp\/v2\/pages"}],"about":[{"href":"https:\/\/annemynard.eu\/de\/wp-json\/wp\/v2\/types\/page"}],"author":[{"embeddable":true,"href":"https:\/\/annemynard.eu\/de\/wp-json\/wp\/v2\/users\/1"}],"replies":[{"embeddable":true,"href":"https:\/\/annemynard.eu\/de\/wp-json\/wp\/v2\/comments?post=692"}],"version-history":[{"count":2,"href":"https:\/\/annemynard.eu\/de\/wp-json\/wp\/v2\/pages\/692\/revisions"}],"predecessor-version":[{"id":696,"href":"https:\/\/annemynard.eu\/de\/wp-json\/wp\/v2\/pages\/692\/revisions\/696"}],"wp:attachment":[{"href":"https:\/\/annemynard.eu\/de\/wp-json\/wp\/v2\/media?parent=692"}],"curies":[{"name":"wp","href":"https:\/\/api.w.org\/{rel}","templated":true}]}}