{"id":673,"date":"2013-01-16T21:33:53","date_gmt":"2013-01-16T21:33:53","guid":{"rendered":"http:\/\/annemynard.eu\/works\/"},"modified":"2017-10-10T12:06:48","modified_gmt":"2017-10-10T11:06:48","slug":"works","status":"publish","type":"page","link":"https:\/\/annemynard.eu\/de\/works\/","title":{"rendered":"Kanzlei Anne Mynard"},"content":{"rendered":"<p><a href=\"http:\/\/annemynard.eu\/wp-content\/uploads\/2016\/12\/940x400_IMG_8783.jpg\" rel=\"fancybox[673]\"><img loading=\"lazy\" decoding=\"async\" class=\"wp-image-344 size-thumbnail alignleft\" src=\"http:\/\/annemynard.eu\/wp-content\/uploads\/2016\/12\/940x400_IMG_8783-150x150.jpg\" width=\"150\" height=\"150\" srcset=\"https:\/\/annemynard.eu\/wp-content\/uploads\/2016\/12\/940x400_IMG_8783-150x150.jpg 150w, https:\/\/annemynard.eu\/wp-content\/uploads\/2016\/12\/940x400_IMG_8783-100x100.jpg 100w\" sizes=\"auto, (max-width: 150px) 100vw, 150px\" \/><\/a><\/p>\n<h3>&#8222;<strong><em>Ich schw\u00f6re, als Rechtsanwalt, meine Aufgaben mit W\u00fcrde, Gewissen, Unabh\u00e4ngigkeit, Integrit\u00e4t und Menschlichkeit aus\u00fcben<\/em><\/strong>&#8220;<br \/>\n<strong>Eidleistung der Rechtsanw\u00e4lte<\/strong><\/h3>\n<p>&nbsp;<\/p>\n<p>&nbsp;<\/p>\n<h2>Pr\u00e4sentation<\/h2>\n<blockquote><p><span style=\"color: #333333;\">Rechtsanw\u00e4ltin Anne MYNARD ist Mitglied der Anwaltskammer von Lyon und begleitet Sie im nationalen, europ\u00e4ischen und internationalen Wirtschaftsrecht.<\/span><\/p><\/blockquote>\n<p>2001 gegr\u00fcndet ist Rechtsanw\u00e4ltin Anne MYNARD mit langj\u00e4hriger einschl\u00e4giger Berufserfahrung <strong>sowohl beratend als auch forensisch vor Gerichten und anderen Institutionen und Organisationen t\u00e4tig<\/strong>.<\/p>\n<h2><strong>Leitbild<\/strong><\/h2>\n<p>Sowohl bei Rechtsstreitigkeiten als auch in der beratenden T\u00e4tigkeit zeichnet sich Rechtsanw\u00e4ltin Anne MYNARD durch den Anspruch aus, sowohl eine pers\u00f6nliche Beziehung zu ihren Mandanten aufzubauen, als auch einen Mehrwert an Wissen beizutragen.<\/p>\n<p>Um die beste L\u00f6sung f\u00fcr ihre Mandanten zu finden, die ihr die Vertretung ihrer rechtlichen Interessen anvertrauen, steht Rechtsanw\u00e4ltin Anne MYNARD in Einklang mit den berufsrechtlichen Regeln f\u00fcr aufmerksames Zuh\u00f6ren und Unabh\u00e4ngigkeit von jedweden Gruppen oder Lobby.<\/p>\n<h2>Ansatz<\/h2>\n<p>Rechtsanw\u00e4ltin Anne MYNARD erarbeitet mit Ihnen ma\u00dfgeschneiderte L\u00f6sungen, die Ihnen Rechtssicherheit gew\u00e4hrleisten.<\/p>\n<p>Die Struktur Rechtsanwaltskanzlei Anne MYNARD erlaubt es, die kosten f\u00fcr den Mandanten niedrig zu halten und eine schnelle Reaktivit\u00e4t zu gew\u00e4hrleisten. Sie werden \u00fcber die gesamte Dauer des Mandats von einem\u00a0Gespr\u00e4chspartner betreut, der f\u00fcr Ihren Fall verantwortlich und f\u00fcr Sie erreichbar ist und Sie \u00fcber die gesamte Dauer des Mandats unterst\u00fctzt.<\/p>\n<p>Rechtsanwaltskanzlei Anne MYNARD wird bei Beratung, Verhandlungen und in verm\u00f6gensrechtlichen Angelegenheiten beauftragt, vor allem gegen\u00fcber anderen Fachleuten aus dem Bereich Recht (Wirtschaftspr\u00fcfer, Gerichtsvollzieher, Notare &#8230;) oder gegen\u00fcber Banken und Versicherungen sowie im Allgemeinen gegen\u00fcber Unternehmern oder Privatpersonen beauftragt.<\/p>\n<p>&nbsp;<\/p>\n<p>&nbsp;<\/p>\n<p>&nbsp;<\/p>\n<p>&nbsp;<\/p>\n<p>&nbsp;<\/p>\n","protected":false},"excerpt":{"rendered":"<p>Rechtsanw\u00e4ltin Anne MYNARD ist Mitglied der Anwaltskammer von Lyon<\/p>\n","protected":false},"author":1,"featured_media":0,"parent":0,"menu_order":0,"comment_status":"closed","ping_status":"closed","template":"","meta":{"footnotes":""},"class_list":["post-673","page","type-page","status-publish","hentry"],"yoast_head":"<!-- This site is optimized with the Yoast SEO plugin v20.0 - https:\/\/yoast.com\/wordpress\/plugins\/seo\/ -->\n<title>Kanzlei Anne Mynard - Anne Mynard<\/title>\n<meta name=\"robots\" content=\"index, follow, max-snippet:-1, max-image-preview:large, max-video-preview:-1\" \/>\n<link rel=\"canonical\" href=\"https:\/\/annemynard.eu\/de\/works\/\" \/>\n<meta property=\"og:locale\" content=\"de_DE\" \/>\n<meta property=\"og:type\" content=\"article\" \/>\n<meta property=\"og:title\" content=\"Kanzlei Anne Mynard - Anne Mynard\" \/>\n<meta property=\"og:description\" content=\"Rechtsanw\u00e4ltin Anne MYNARD ist Mitglied der Anwaltskammer von Lyon\" \/>\n<meta property=\"og:url\" content=\"https:\/\/annemynard.eu\/de\/works\/\" \/>\n<meta property=\"og:site_name\" content=\"Anne Mynard\" \/>\n<meta property=\"article:modified_time\" content=\"2017-10-10T11:06:48+00:00\" \/>\n<meta property=\"og:image\" content=\"http:\/\/annemynard.eu\/wp-content\/uploads\/2016\/12\/940x400_IMG_8783-150x150.jpg\" \/>\n<meta name=\"twitter:card\" content=\"summary_large_image\" \/>\n<meta name=\"twitter:label1\" content=\"Gesch\u00e4tzte Lesezeit\" \/>\n\t<meta name=\"twitter:data1\" content=\"1\u00a0Minute\" \/>\n<script type=\"application\/ld+json\" class=\"yoast-schema-graph\">{\"@context\":\"https:\/\/schema.org\",\"@graph\":[{\"@type\":\"WebPage\",\"@id\":\"https:\/\/annemynard.eu\/de\/works\/\",\"url\":\"https:\/\/annemynard.eu\/de\/works\/\",\"name\":\"Kanzlei Anne Mynard - Anne Mynard\",\"isPartOf\":{\"@id\":\"https:\/\/annemynard.eu\/de\/#website\"},\"datePublished\":\"2013-01-16T21:33:53+00:00\",\"dateModified\":\"2017-10-10T11:06:48+00:00\",\"inLanguage\":\"de\",\"potentialAction\":[{\"@type\":\"ReadAction\",\"target\":[\"https:\/\/annemynard.eu\/de\/works\/\"]}]},{\"@type\":\"WebSite\",\"@id\":\"https:\/\/annemynard.eu\/de\/#website\",\"url\":\"https:\/\/annemynard.eu\/de\/\",\"name\":\"Anne Mynard\",\"description\":\"Anne Mynard, Kanzlei\",\"potentialAction\":[{\"@type\":\"SearchAction\",\"target\":{\"@type\":\"EntryPoint\",\"urlTemplate\":\"https:\/\/annemynard.eu\/de\/?s={search_term_string}\"},\"query-input\":\"required name=search_term_string\"}],\"inLanguage\":\"de\"}]}<\/script>\n<!-- \/ Yoast SEO plugin. -->","yoast_head_json":{"title":"Kanzlei Anne Mynard - Anne Mynard","robots":{"index":"index","follow":"follow","max-snippet":"max-snippet:-1","max-image-preview":"max-image-preview:large","max-video-preview":"max-video-preview:-1"},"canonical":"https:\/\/annemynard.eu\/de\/works\/","og_locale":"de_DE","og_type":"article","og_title":"Kanzlei Anne Mynard - Anne Mynard","og_description":"Rechtsanw\u00e4ltin Anne MYNARD ist Mitglied der Anwaltskammer von Lyon","og_url":"https:\/\/annemynard.eu\/de\/works\/","og_site_name":"Anne Mynard","article_modified_time":"2017-10-10T11:06:48+00:00","og_image":[{"url":"http:\/\/annemynard.eu\/wp-content\/uploads\/2016\/12\/940x400_IMG_8783-150x150.jpg"}],"twitter_card":"summary_large_image","twitter_misc":{"Gesch\u00e4tzte Lesezeit":"1\u00a0Minute"},"schema":{"@context":"https:\/\/schema.org","@graph":[{"@type":"WebPage","@id":"https:\/\/annemynard.eu\/de\/works\/","url":"https:\/\/annemynard.eu\/de\/works\/","name":"Kanzlei Anne Mynard - Anne Mynard","isPartOf":{"@id":"https:\/\/annemynard.eu\/de\/#website"},"datePublished":"2013-01-16T21:33:53+00:00","dateModified":"2017-10-10T11:06:48+00:00","inLanguage":"de","potentialAction":[{"@type":"ReadAction","target":["https:\/\/annemynard.eu\/de\/works\/"]}]},{"@type":"WebSite","@id":"https:\/\/annemynard.eu\/de\/#website","url":"https:\/\/annemynard.eu\/de\/","name":"Anne Mynard","description":"Anne Mynard, Kanzlei","potentialAction":[{"@type":"SearchAction","target":{"@type":"EntryPoint","urlTemplate":"https:\/\/annemynard.eu\/de\/?s={search_term_string}"},"query-input":"required name=search_term_string"}],"inLanguage":"de"}]}},"_links":{"self":[{"href":"https:\/\/annemynard.eu\/de\/wp-json\/wp\/v2\/pages\/673","targetHints":{"allow":["GET"]}}],"collection":[{"href":"https:\/\/annemynard.eu\/de\/wp-json\/wp\/v2\/pages"}],"about":[{"href":"https:\/\/annemynard.eu\/de\/wp-json\/wp\/v2\/types\/page"}],"author":[{"embeddable":true,"href":"https:\/\/annemynard.eu\/de\/wp-json\/wp\/v2\/users\/1"}],"replies":[{"embeddable":true,"href":"https:\/\/annemynard.eu\/de\/wp-json\/wp\/v2\/comments?post=673"}],"version-history":[{"count":2,"href":"https:\/\/annemynard.eu\/de\/wp-json\/wp\/v2\/pages\/673\/revisions"}],"predecessor-version":[{"id":730,"href":"https:\/\/annemynard.eu\/de\/wp-json\/wp\/v2\/pages\/673\/revisions\/730"}],"wp:attachment":[{"href":"https:\/\/annemynard.eu\/de\/wp-json\/wp\/v2\/media?parent=673"}],"curies":[{"name":"wp","href":"https:\/\/api.w.org\/{rel}","templated":true}]}}