{"id":603,"date":"2013-01-16T21:33:40","date_gmt":"2013-01-16T21:33:40","guid":{"rendered":"http:\/\/annemynard.eu\/contact\/"},"modified":"2022-12-08T09:52:35","modified_gmt":"2022-12-08T08:52:35","slug":"kontakt","status":"publish","type":"page","link":"https:\/\/annemynard.eu\/de\/kontakt\/","title":{"rendered":"Kontakt"},"content":{"rendered":"<div>\n<h3 class=\"widget-title\">Kontaktieren Sie uns !<\/h3>\n\n<div class=\"wpcf7 no-js\" id=\"wpcf7-f221-o1\" lang=\"fr-FR\" dir=\"ltr\">\n<div class=\"screen-reader-response\"><p role=\"status\" aria-live=\"polite\" aria-atomic=\"true\"><\/p> <ul><\/ul><\/div>\n<form action=\"\/de\/wp-json\/wp\/v2\/pages\/603#wpcf7-f221-o1\" method=\"post\" class=\"wpcf7-form init\" aria-label=\"Formulaire de contact\" novalidate=\"novalidate\" data-status=\"init\">\n<div style=\"display: none;\">\n<input type=\"hidden\" name=\"_wpcf7\" value=\"221\" \/>\n<input type=\"hidden\" name=\"_wpcf7_version\" value=\"5.7.3\" \/>\n<input type=\"hidden\" name=\"_wpcf7_locale\" value=\"fr_FR\" \/>\n<input type=\"hidden\" name=\"_wpcf7_unit_tag\" value=\"wpcf7-f221-o1\" \/>\n<input type=\"hidden\" name=\"_wpcf7_container_post\" value=\"0\" \/>\n<input type=\"hidden\" name=\"_wpcf7_posted_data_hash\" value=\"\" \/>\n<\/div>\n<p>Votre nom (obligatoire)\n<\/p>\n<p><span class=\"wpcf7-form-control-wrap\" data-name=\"your-name\"><input size=\"40\" class=\"wpcf7-form-control wpcf7-text wpcf7-validates-as-required\" aria-required=\"true\" aria-invalid=\"false\" value=\"\" type=\"text\" name=\"your-name\" \/><\/span>\n<\/p>\n<p>Votre email (obligatoire)\n<\/p>\n<p><span class=\"wpcf7-form-control-wrap\" data-name=\"your-email\"><input size=\"40\" class=\"wpcf7-form-control wpcf7-text wpcf7-email wpcf7-validates-as-required wpcf7-validates-as-email\" aria-required=\"true\" aria-invalid=\"false\" value=\"\" type=\"email\" name=\"your-email\" \/><\/span>\n<\/p>\n<p>Sujet\n<\/p>\n<p><span class=\"wpcf7-form-control-wrap\" data-name=\"your-subject\"><input size=\"40\" class=\"wpcf7-form-control wpcf7-text\" aria-invalid=\"false\" value=\"\" type=\"text\" name=\"your-subject\" \/><\/span>\n<\/p>\n<p>Votre message\n<\/p>\n<p><span class=\"wpcf7-form-control-wrap\" data-name=\"your-message\"><textarea cols=\"40\" rows=\"10\" class=\"wpcf7-form-control wpcf7-textarea\" aria-invalid=\"false\" name=\"your-message\"><\/textarea><\/span>\n<\/p>\n<p><input class=\"wpcf7-form-control has-spinner wpcf7-submit\" type=\"submit\" value=\"Envoyer\" \/>\n<\/p><p style=\"display: none !important;\" class=\"akismet-fields-container\" data-prefix=\"_wpcf7_ak_\"><label>&#916;<textarea name=\"_wpcf7_ak_hp_textarea\" cols=\"45\" rows=\"8\" maxlength=\"100\"><\/textarea><\/label><input type=\"hidden\" id=\"ak_js_1\" name=\"_wpcf7_ak_js\" value=\"247\"\/><script>document.getElementById( \"ak_js_1\" ).setAttribute( \"value\", ( new Date() ).getTime() );<\/script><\/p><div class=\"wpcf7-response-output\" aria-hidden=\"true\"><\/div>\n<\/form>\n<\/div>\n\n<\/div>\n<h1><\/h1>\n<div id=\"single-head\" class=\"sixteen columns\"><\/div>\n","protected":false},"excerpt":{"rendered":"<p>Rechtsanw\u00e4ltin  Anne MYNARD<br \/>\nDoktor im internationalen Wirtschaftsrecht<br \/>\nL.LM.,  MAINZ, Deutschland <\/p>\n<p>Rechtsanw\u00e4ltin, Gerichtsfach  465<br \/>\n57 place de la R\u00e9publique<br \/>\nF- 69 002 LYON<br \/>\nT\u00e9l 33 (0)4 78 92 45 60 ; Fax 33 (0)4 78 92 45 66<br \/>\ninfo@annemynard.eu<br \/>\nanne.mynard@avocat-conseil.fr<\/p>\n","protected":false},"author":1,"featured_media":0,"parent":0,"menu_order":0,"comment_status":"open","ping_status":"open","template":"template-contact-page.php","meta":{"footnotes":""},"class_list":["post-603","page","type-page","status-publish","hentry"],"yoast_head":"<!-- This site is optimized with the Yoast SEO plugin v20.0 - https:\/\/yoast.com\/wordpress\/plugins\/seo\/ -->\n<title>Kontakt - Anne Mynard<\/title>\n<meta name=\"robots\" content=\"index, follow, max-snippet:-1, max-image-preview:large, max-video-preview:-1\" \/>\n<link rel=\"canonical\" href=\"https:\/\/annemynard.eu\/de\/kontakt\/\" \/>\n<meta property=\"og:locale\" content=\"de_DE\" \/>\n<meta property=\"og:type\" content=\"article\" \/>\n<meta property=\"og:title\" content=\"Kontakt - Anne Mynard\" \/>\n<meta property=\"og:description\" content=\"Rechtsanw\u00e4ltin Anne MYNARD Doktor im internationalen Wirtschaftsrecht L.LM., MAINZ, Deutschland   Rechtsanw\u00e4ltin, Gerichtsfach 465 57 place de la R\u00e9publique  F- 69 002 LYON  T\u00e9l 33 (0)4 78 92 45 60 ; Fax 33 (0)4 78 92 45 66 info@annemynard.eu anne.mynard@avocat-conseil.fr\" \/>\n<meta property=\"og:url\" content=\"https:\/\/annemynard.eu\/de\/kontakt\/\" \/>\n<meta property=\"og:site_name\" content=\"Anne Mynard\" \/>\n<meta property=\"article:modified_time\" content=\"2022-12-08T08:52:35+00:00\" \/>\n<meta name=\"twitter:card\" content=\"summary_large_image\" \/>\n<script type=\"application\/ld+json\" class=\"yoast-schema-graph\">{\"@context\":\"https:\/\/schema.org\",\"@graph\":[{\"@type\":\"WebPage\",\"@id\":\"https:\/\/annemynard.eu\/de\/kontakt\/\",\"url\":\"https:\/\/annemynard.eu\/de\/kontakt\/\",\"name\":\"Kontakt - Anne Mynard\",\"isPartOf\":{\"@id\":\"https:\/\/annemynard.eu\/de\/#website\"},\"datePublished\":\"2013-01-16T21:33:40+00:00\",\"dateModified\":\"2022-12-08T08:52:35+00:00\",\"inLanguage\":\"de\",\"potentialAction\":[{\"@type\":\"ReadAction\",\"target\":[\"https:\/\/annemynard.eu\/de\/kontakt\/\"]}]},{\"@type\":\"WebSite\",\"@id\":\"https:\/\/annemynard.eu\/de\/#website\",\"url\":\"https:\/\/annemynard.eu\/de\/\",\"name\":\"Anne Mynard\",\"description\":\"Anne Mynard, Kanzlei\",\"potentialAction\":[{\"@type\":\"SearchAction\",\"target\":{\"@type\":\"EntryPoint\",\"urlTemplate\":\"https:\/\/annemynard.eu\/de\/?s={search_term_string}\"},\"query-input\":\"required name=search_term_string\"}],\"inLanguage\":\"de\"}]}<\/script>\n<!-- \/ Yoast SEO plugin. -->","yoast_head_json":{"title":"Kontakt - Anne Mynard","robots":{"index":"index","follow":"follow","max-snippet":"max-snippet:-1","max-image-preview":"max-image-preview:large","max-video-preview":"max-video-preview:-1"},"canonical":"https:\/\/annemynard.eu\/de\/kontakt\/","og_locale":"de_DE","og_type":"article","og_title":"Kontakt - Anne Mynard","og_description":"Rechtsanw\u00e4ltin Anne MYNARD Doktor im internationalen Wirtschaftsrecht L.LM., MAINZ, Deutschland   Rechtsanw\u00e4ltin, Gerichtsfach 465 57 place de la R\u00e9publique  F- 69 002 LYON  T\u00e9l 33 (0)4 78 92 45 60 ; Fax 33 (0)4 78 92 45 66 info@annemynard.eu anne.mynard@avocat-conseil.fr","og_url":"https:\/\/annemynard.eu\/de\/kontakt\/","og_site_name":"Anne Mynard","article_modified_time":"2022-12-08T08:52:35+00:00","twitter_card":"summary_large_image","schema":{"@context":"https:\/\/schema.org","@graph":[{"@type":"WebPage","@id":"https:\/\/annemynard.eu\/de\/kontakt\/","url":"https:\/\/annemynard.eu\/de\/kontakt\/","name":"Kontakt - Anne Mynard","isPartOf":{"@id":"https:\/\/annemynard.eu\/de\/#website"},"datePublished":"2013-01-16T21:33:40+00:00","dateModified":"2022-12-08T08:52:35+00:00","inLanguage":"de","potentialAction":[{"@type":"ReadAction","target":["https:\/\/annemynard.eu\/de\/kontakt\/"]}]},{"@type":"WebSite","@id":"https:\/\/annemynard.eu\/de\/#website","url":"https:\/\/annemynard.eu\/de\/","name":"Anne Mynard","description":"Anne Mynard, Kanzlei","potentialAction":[{"@type":"SearchAction","target":{"@type":"EntryPoint","urlTemplate":"https:\/\/annemynard.eu\/de\/?s={search_term_string}"},"query-input":"required name=search_term_string"}],"inLanguage":"de"}]}},"_links":{"self":[{"href":"https:\/\/annemynard.eu\/de\/wp-json\/wp\/v2\/pages\/603","targetHints":{"allow":["GET"]}}],"collection":[{"href":"https:\/\/annemynard.eu\/de\/wp-json\/wp\/v2\/pages"}],"about":[{"href":"https:\/\/annemynard.eu\/de\/wp-json\/wp\/v2\/types\/page"}],"author":[{"embeddable":true,"href":"https:\/\/annemynard.eu\/de\/wp-json\/wp\/v2\/users\/1"}],"replies":[{"embeddable":true,"href":"https:\/\/annemynard.eu\/de\/wp-json\/wp\/v2\/comments?post=603"}],"version-history":[{"count":4,"href":"https:\/\/annemynard.eu\/de\/wp-json\/wp\/v2\/pages\/603\/revisions"}],"predecessor-version":[{"id":872,"href":"https:\/\/annemynard.eu\/de\/wp-json\/wp\/v2\/pages\/603\/revisions\/872"}],"wp:attachment":[{"href":"https:\/\/annemynard.eu\/de\/wp-json\/wp\/v2\/media?parent=603"}],"curies":[{"name":"wp","href":"https:\/\/api.w.org\/{rel}","templated":true}]}}